{"id":361,"date":"2020-06-09T11:13:19","date_gmt":"2020-06-09T11:13:19","guid":{"rendered":"https:\/\/www.iberfoil.com\/contacto\/"},"modified":"2020-08-11T15:02:13","modified_gmt":"2020-08-11T15:02:13","slug":"kontakt","status":"publish","type":"page","link":"https:\/\/www.iberfoil.com\/de\/kontakt\/","title":{"rendered":"Kontakt"},"content":{"rendered":"\t\t<div data-elementor-type=\"wp-page\" data-elementor-id=\"361\" class=\"elementor elementor-361 elementor-29\" data-elementor-post-type=\"page\">\n\t\t\t\t\t\t<section class=\"elementor-section elementor-top-section elementor-element elementor-element-26766224 elementor-section-full_width elementor-section-height-min-height elementor-section-height-default elementor-section-items-middle\" data-id=\"26766224\" data-element_type=\"section\" data-e-type=\"section\" data-settings=\"{&quot;background_background&quot;:&quot;classic&quot;}\">\n\t\t\t\t\t\t\t<div class=\"elementor-background-overlay\"><\/div>\n\t\t\t\t\t\t\t<div class=\"elementor-container elementor-column-gap-default\">\n\t\t\t\t\t<div class=\"elementor-column elementor-col-100 elementor-top-column elementor-element elementor-element-5c378a1d\" data-id=\"5c378a1d\" data-element_type=\"column\" data-e-type=\"column\">\n\t\t\t<div class=\"elementor-widget-wrap\">\n\t\t\t\t\t\t\t<\/div>\n\t\t<\/div>\n\t\t\t\t\t<\/div>\n\t\t<\/section>\n\t\t\t\t<section class=\"elementor-section elementor-top-section elementor-element elementor-element-7d01c2a8 elementor-section-content-middle elementor-hidden-phone elementor-section-boxed elementor-section-height-default elementor-section-height-default\" data-id=\"7d01c2a8\" data-element_type=\"section\" data-e-type=\"section\">\n\t\t\t\t\t\t<div class=\"elementor-container elementor-column-gap-no\">\n\t\t\t\t\t<div class=\"elementor-column elementor-col-50 elementor-top-column elementor-element elementor-element-27918dad\" data-id=\"27918dad\" data-element_type=\"column\" data-e-type=\"column\" data-settings=\"{&quot;background_background&quot;:&quot;classic&quot;}\">\n\t\t\t<div class=\"elementor-widget-wrap elementor-element-populated\">\n\t\t\t\t\t\t<div class=\"elementor-element elementor-element-2e58baca elementor-widget elementor-widget-spacer\" data-id=\"2e58baca\" data-element_type=\"widget\" data-e-type=\"widget\" data-widget_type=\"spacer.default\">\n\t\t\t\t<div class=\"elementor-widget-container\">\n\t\t\t\t\t\t\t<div class=\"elementor-spacer\">\n\t\t\t<div class=\"elementor-spacer-inner\"><\/div>\n\t\t<\/div>\n\t\t\t\t\t\t<\/div>\n\t\t\t\t<\/div>\n\t\t\t\t\t<\/div>\n\t\t<\/div>\n\t\t\t\t<div class=\"elementor-column elementor-col-50 elementor-top-column elementor-element elementor-element-47218d4c\" data-id=\"47218d4c\" data-element_type=\"column\" data-e-type=\"column\" data-settings=\"{&quot;background_background&quot;:&quot;classic&quot;}\">\n\t\t\t<div class=\"elementor-widget-wrap elementor-element-populated\">\n\t\t\t\t\t\t<div class=\"elementor-element elementor-element-7d22ba32 elementor-widget elementor-widget-text-editor\" data-id=\"7d22ba32\" data-element_type=\"widget\" data-e-type=\"widget\" data-widget_type=\"text-editor.default\">\n\t\t\t\t<div class=\"elementor-widget-container\">\n\t\t\t\t\t\t\t\t\t<p>\u201cIberfoil in die Industrie investieren und auf die Zukunft wetten\u201d<\/p>\t\t\t\t\t\t\t\t<\/div>\n\t\t\t\t<\/div>\n\t\t\t\t\t<\/div>\n\t\t<\/div>\n\t\t\t\t\t<\/div>\n\t\t<\/section>\n\t\t\t\t<section class=\"elementor-section elementor-top-section elementor-element elementor-element-367306b elementor-section-content-middle elementor-hidden-desktop elementor-hidden-tablet elementor-section-boxed elementor-section-height-default elementor-section-height-default\" data-id=\"367306b\" data-element_type=\"section\" data-e-type=\"section\">\n\t\t\t\t\t\t<div class=\"elementor-container elementor-column-gap-no\">\n\t\t\t\t\t<div class=\"elementor-column elementor-col-50 elementor-top-column elementor-element elementor-element-cca0022\" data-id=\"cca0022\" data-element_type=\"column\" data-e-type=\"column\" data-settings=\"{&quot;background_background&quot;:&quot;classic&quot;}\">\n\t\t\t<div class=\"elementor-widget-wrap elementor-element-populated\">\n\t\t\t\t\t\t<div class=\"elementor-element elementor-element-3c2f085 elementor-widget elementor-widget-text-editor\" data-id=\"3c2f085\" data-element_type=\"widget\" data-e-type=\"widget\" data-widget_type=\"text-editor.default\">\n\t\t\t\t<div class=\"elementor-widget-container\">\n\t\t\t\t\t\t\t\t\t<p>\u201cIberfoil in die Industrie investieren und auf die Zukunft wetten\u201d<\/p>\t\t\t\t\t\t\t\t<\/div>\n\t\t\t\t<\/div>\n\t\t\t\t\t<\/div>\n\t\t<\/div>\n\t\t\t\t<div class=\"elementor-column elementor-col-50 elementor-top-column elementor-element elementor-element-0420627\" data-id=\"0420627\" data-element_type=\"column\" data-e-type=\"column\" data-settings=\"{&quot;background_background&quot;:&quot;classic&quot;}\">\n\t\t\t<div class=\"elementor-widget-wrap elementor-element-populated\">\n\t\t\t\t\t\t<div class=\"elementor-element elementor-element-de9dc5d elementor-widget elementor-widget-spacer\" data-id=\"de9dc5d\" data-element_type=\"widget\" data-e-type=\"widget\" data-widget_type=\"spacer.default\">\n\t\t\t\t<div class=\"elementor-widget-container\">\n\t\t\t\t\t\t\t<div class=\"elementor-spacer\">\n\t\t\t<div class=\"elementor-spacer-inner\"><\/div>\n\t\t<\/div>\n\t\t\t\t\t\t<\/div>\n\t\t\t\t<\/div>\n\t\t\t\t\t<\/div>\n\t\t<\/div>\n\t\t\t\t\t<\/div>\n\t\t<\/section>\n\t\t\t\t<section class=\"elementor-section elementor-top-section elementor-element elementor-element-f82b210 elementor-section-content-middle elementor-reverse-mobile elementor-section-boxed elementor-section-height-default elementor-section-height-default\" data-id=\"f82b210\" data-element_type=\"section\" data-e-type=\"section\" data-settings=\"{&quot;background_background&quot;:&quot;classic&quot;}\">\n\t\t\t\t\t\t<div class=\"elementor-container elementor-column-gap-no\">\n\t\t\t\t\t<div class=\"elementor-column elementor-col-50 elementor-top-column elementor-element elementor-element-63eb68b3\" data-id=\"63eb68b3\" data-element_type=\"column\" data-e-type=\"column\" data-settings=\"{&quot;background_background&quot;:&quot;classic&quot;}\">\n\t\t\t<div class=\"elementor-widget-wrap elementor-element-populated\">\n\t\t\t\t\t\t<div class=\"elementor-element elementor-element-1cace2c3 elementor-widget elementor-widget-google_maps\" data-id=\"1cace2c3\" data-element_type=\"widget\" data-e-type=\"widget\" data-widget_type=\"google_maps.default\">\n\t\t\t\t<div class=\"elementor-widget-container\">\n\t\t\t\t\t\t\t<div class=\"elementor-custom-embed\">\n\t\t\t<iframe loading=\"lazy\"\n\t\t\t\t\tsrc=\"https:\/\/maps.google.com\/maps?q=Av.%20Huesca%2C%2025%2C%2022600%20Sabi%C3%B1%C3%A1nigo%2C%20Huesca%2C%20Espa%C3%B1a&#038;t=m&#038;z=14&#038;output=embed&#038;iwloc=near\"\n\t\t\t\t\ttitle=\"Av. Huesca, 25, 22600 Sabi\u00f1\u00e1nigo, Huesca, Espa\u00f1a\"\n\t\t\t\t\taria-label=\"Av. Huesca, 25, 22600 Sabi\u00f1\u00e1nigo, Huesca, Espa\u00f1a\"\n\t\t\t><\/iframe>\n\t\t<\/div>\n\t\t\t\t\t\t<\/div>\n\t\t\t\t<\/div>\n\t\t\t\t\t<\/div>\n\t\t<\/div>\n\t\t\t\t<div class=\"elementor-column elementor-col-50 elementor-top-column elementor-element elementor-element-4938763a\" data-id=\"4938763a\" data-element_type=\"column\" data-e-type=\"column\" data-settings=\"{&quot;background_background&quot;:&quot;classic&quot;}\">\n\t\t\t<div class=\"elementor-widget-wrap elementor-element-populated\">\n\t\t\t\t\t\t<div class=\"elementor-element elementor-element-468dd236 elementor-icon-list--layout-traditional elementor-list-item-link-full_width elementor-widget elementor-widget-icon-list\" data-id=\"468dd236\" data-element_type=\"widget\" data-e-type=\"widget\" data-widget_type=\"icon-list.default\">\n\t\t\t\t<div class=\"elementor-widget-container\">\n\t\t\t\t\t\t\t<ul class=\"elementor-icon-list-items\">\n\t\t\t\t\t\t\t<li class=\"elementor-icon-list-item\">\n\t\t\t\t\t\t\t\t\t\t\t<a href=\"https:\/\/www.google.com\/maps\/place\/Av.+Huesca,+25,+22600+Sabi%C3%B1%C3%A1nigo,+Huesca,+Espa%C3%B1a\/@42.5137226,-0.359643,18z\/data=!3m1!4b1!4m5!3m4!1s0xd5820df1ca03dd5:0xce2b8a3275155839!8m2!3d42.5137206!4d-0.3585487?hl=es-ES\" target=\"_blank\">\n\n\t\t\t\t\t\t\t\t\t\t\t\t<span class=\"elementor-icon-list-icon\">\n\t\t\t\t\t\t\t<i aria-hidden=\"true\" class=\"fas fa-map-marker-alt\"><\/i>\t\t\t\t\t\t<\/span>\n\t\t\t\t\t\t\t\t\t\t<span class=\"elementor-icon-list-text\">Avenida de Huesca, 25 22600 Sabi\u00f1anigo (Huesca) \u2013 SPAIN<\/span>\n\t\t\t\t\t\t\t\t\t\t\t<\/a>\n\t\t\t\t\t\t\t\t\t<\/li>\n\t\t\t\t\t\t\t\t<li class=\"elementor-icon-list-item\">\n\t\t\t\t\t\t\t\t\t\t\t<a href=\"tel:34974484100\">\n\n\t\t\t\t\t\t\t\t\t\t\t\t<span class=\"elementor-icon-list-icon\">\n\t\t\t\t\t\t\t<i aria-hidden=\"true\" class=\"fas fa-phone\"><\/i>\t\t\t\t\t\t<\/span>\n\t\t\t\t\t\t\t\t\t\t<span class=\"elementor-icon-list-text\">+34 97 448 41 00<\/span>\n\t\t\t\t\t\t\t\t\t\t\t<\/a>\n\t\t\t\t\t\t\t\t\t<\/li>\n\t\t\t\t\t\t\t\t<li class=\"elementor-icon-list-item\">\n\t\t\t\t\t\t\t\t\t\t\t<a href=\"tel:34974484155\">\n\n\t\t\t\t\t\t\t\t\t\t\t\t<span class=\"elementor-icon-list-icon\">\n\t\t\t\t\t\t\t<i aria-hidden=\"true\" class=\"fas fa-fax\"><\/i>\t\t\t\t\t\t<\/span>\n\t\t\t\t\t\t\t\t\t\t<span class=\"elementor-icon-list-text\">+34 97 448 41 55<\/span>\n\t\t\t\t\t\t\t\t\t\t\t<\/a>\n\t\t\t\t\t\t\t\t\t<\/li>\n\t\t\t\t\t\t\t\t<li class=\"elementor-icon-list-item\">\n\t\t\t\t\t\t\t\t\t\t\t<a href=\"mailto:info@iberfoil.com\">\n\n\t\t\t\t\t\t\t\t\t\t\t\t<span class=\"elementor-icon-list-icon\">\n\t\t\t\t\t\t\t<i aria-hidden=\"true\" class=\"fas fa-envelope\"><\/i>\t\t\t\t\t\t<\/span>\n\t\t\t\t\t\t\t\t\t\t<span class=\"elementor-icon-list-text\">info@iberfoil.com<\/span>\n\t\t\t\t\t\t\t\t\t\t\t<\/a>\n\t\t\t\t\t\t\t\t\t<\/li>\n\t\t\t\t\t\t<\/ul>\n\t\t\t\t\t\t<\/div>\n\t\t\t\t<\/div>\n\t\t\t\t\t<\/div>\n\t\t<\/div>\n\t\t\t\t\t<\/div>\n\t\t<\/section>\n\t\t\t\t<\/div>\n\t\t","protected":false},"excerpt":{"rendered":"<p>\u201cIberfoil in die Industrie investieren und auf die Zukunft wetten\u201d \u201cIberfoil in die Industrie investieren und auf die Zukunft wetten\u201d Avenida de Huesca, 25 22600 Sabi\u00f1anigo (Huesca) \u2013 SPAIN +34 97 448 41 00 +34 97 448 41 55 info@iberfoil.com<\/p>\n","protected":false},"author":1,"featured_media":0,"parent":0,"menu_order":0,"comment_status":"closed","ping_status":"closed","template":"elementor_header_footer","meta":{"footnotes":""},"class_list":["post-361","page","type-page","status-publish","hentry"],"yoast_head":"<!-- This site is optimized with the Yoast SEO plugin v27.2 - https:\/\/yoast.com\/product\/yoast-seo-wordpress\/ -->\n<title>Kontakt | Iberfoil<\/title>\n<meta name=\"robots\" content=\"index, follow, max-snippet:-1, max-image-preview:large, max-video-preview:-1\" \/>\n<link rel=\"canonical\" href=\"https:\/\/www.iberfoil.com\/de\/kontakt\/\" \/>\n<meta property=\"og:locale\" content=\"de_DE\" \/>\n<meta property=\"og:type\" content=\"article\" \/>\n<meta property=\"og:title\" content=\"Kontakt | Iberfoil\" \/>\n<meta property=\"og:description\" content=\"\u201cIberfoil in die Industrie investieren und auf die Zukunft wetten\u201d \u201cIberfoil in die Industrie investieren und auf die Zukunft wetten\u201d Avenida de Huesca, 25 22600 Sabi\u00f1anigo (Huesca) \u2013 SPAIN +34 97 448 41 00 +34 97 448 41 55 info@iberfoil.com\" \/>\n<meta property=\"og:url\" content=\"https:\/\/www.iberfoil.com\/de\/kontakt\/\" \/>\n<meta property=\"og:site_name\" content=\"Iberfoil\" \/>\n<meta property=\"article:modified_time\" content=\"2020-08-11T15:02:13+00:00\" \/>\n<meta name=\"twitter:card\" content=\"summary_large_image\" \/>\n<script type=\"application\/ld+json\" class=\"yoast-schema-graph\">{\"@context\":\"https:\/\/schema.org\",\"@graph\":[{\"@type\":\"WebPage\",\"@id\":\"https:\/\/www.iberfoil.com\/de\/kontakt\/\",\"url\":\"https:\/\/www.iberfoil.com\/de\/kontakt\/\",\"name\":\"Kontakt | Iberfoil\",\"isPartOf\":{\"@id\":\"https:\/\/www.iberfoil.com\/#website\"},\"datePublished\":\"2020-06-09T11:13:19+00:00\",\"dateModified\":\"2020-08-11T15:02:13+00:00\",\"breadcrumb\":{\"@id\":\"https:\/\/www.iberfoil.com\/de\/kontakt\/#breadcrumb\"},\"inLanguage\":\"de\",\"potentialAction\":[{\"@type\":\"ReadAction\",\"target\":[\"https:\/\/www.iberfoil.com\/de\/kontakt\/\"]}]},{\"@type\":\"BreadcrumbList\",\"@id\":\"https:\/\/www.iberfoil.com\/de\/kontakt\/#breadcrumb\",\"itemListElement\":[{\"@type\":\"ListItem\",\"position\":1,\"name\":\"Portada\",\"item\":\"https:\/\/www.iberfoil.com\/fr\/\"},{\"@type\":\"ListItem\",\"position\":2,\"name\":\"Kontakt\"}]},{\"@type\":\"WebSite\",\"@id\":\"https:\/\/www.iberfoil.com\/#website\",\"url\":\"https:\/\/www.iberfoil.com\/\",\"name\":\"Iberfoil\",\"description\":\"Fabricaci\u00f3n de aluminio\",\"publisher\":{\"@id\":\"https:\/\/www.iberfoil.com\/#organization\"},\"potentialAction\":[{\"@type\":\"SearchAction\",\"target\":{\"@type\":\"EntryPoint\",\"urlTemplate\":\"https:\/\/www.iberfoil.com\/?s={search_term_string}\"},\"query-input\":{\"@type\":\"PropertyValueSpecification\",\"valueRequired\":true,\"valueName\":\"search_term_string\"}}],\"inLanguage\":\"de\"},{\"@type\":\"Organization\",\"@id\":\"https:\/\/www.iberfoil.com\/#organization\",\"name\":\"Iberfoil\",\"url\":\"https:\/\/www.iberfoil.com\/\",\"logo\":{\"@type\":\"ImageObject\",\"inLanguage\":\"de\",\"@id\":\"https:\/\/www.iberfoil.com\/#\/schema\/logo\/image\/\",\"url\":\"https:\/\/www.iberfoil.com\/wp-content\/uploads\/2020\/06\/logo-iberfoil.png\",\"contentUrl\":\"https:\/\/www.iberfoil.com\/wp-content\/uploads\/2020\/06\/logo-iberfoil.png\",\"width\":350,\"height\":198,\"caption\":\"Iberfoil\"},\"image\":{\"@id\":\"https:\/\/www.iberfoil.com\/#\/schema\/logo\/image\/\"}}]}<\/script>\n<!-- \/ Yoast SEO plugin. -->","yoast_head_json":{"title":"Kontakt | Iberfoil","robots":{"index":"index","follow":"follow","max-snippet":"max-snippet:-1","max-image-preview":"max-image-preview:large","max-video-preview":"max-video-preview:-1"},"canonical":"https:\/\/www.iberfoil.com\/de\/kontakt\/","og_locale":"de_DE","og_type":"article","og_title":"Kontakt | Iberfoil","og_description":"\u201cIberfoil in die Industrie investieren und auf die Zukunft wetten\u201d \u201cIberfoil in die Industrie investieren und auf die Zukunft wetten\u201d Avenida de Huesca, 25 22600 Sabi\u00f1anigo (Huesca) \u2013 SPAIN +34 97 448 41 00 +34 97 448 41 55 info@iberfoil.com","og_url":"https:\/\/www.iberfoil.com\/de\/kontakt\/","og_site_name":"Iberfoil","article_modified_time":"2020-08-11T15:02:13+00:00","twitter_card":"summary_large_image","schema":{"@context":"https:\/\/schema.org","@graph":[{"@type":"WebPage","@id":"https:\/\/www.iberfoil.com\/de\/kontakt\/","url":"https:\/\/www.iberfoil.com\/de\/kontakt\/","name":"Kontakt | Iberfoil","isPartOf":{"@id":"https:\/\/www.iberfoil.com\/#website"},"datePublished":"2020-06-09T11:13:19+00:00","dateModified":"2020-08-11T15:02:13+00:00","breadcrumb":{"@id":"https:\/\/www.iberfoil.com\/de\/kontakt\/#breadcrumb"},"inLanguage":"de","potentialAction":[{"@type":"ReadAction","target":["https:\/\/www.iberfoil.com\/de\/kontakt\/"]}]},{"@type":"BreadcrumbList","@id":"https:\/\/www.iberfoil.com\/de\/kontakt\/#breadcrumb","itemListElement":[{"@type":"ListItem","position":1,"name":"Portada","item":"https:\/\/www.iberfoil.com\/fr\/"},{"@type":"ListItem","position":2,"name":"Kontakt"}]},{"@type":"WebSite","@id":"https:\/\/www.iberfoil.com\/#website","url":"https:\/\/www.iberfoil.com\/","name":"Iberfoil","description":"Fabricaci\u00f3n de aluminio","publisher":{"@id":"https:\/\/www.iberfoil.com\/#organization"},"potentialAction":[{"@type":"SearchAction","target":{"@type":"EntryPoint","urlTemplate":"https:\/\/www.iberfoil.com\/?s={search_term_string}"},"query-input":{"@type":"PropertyValueSpecification","valueRequired":true,"valueName":"search_term_string"}}],"inLanguage":"de"},{"@type":"Organization","@id":"https:\/\/www.iberfoil.com\/#organization","name":"Iberfoil","url":"https:\/\/www.iberfoil.com\/","logo":{"@type":"ImageObject","inLanguage":"de","@id":"https:\/\/www.iberfoil.com\/#\/schema\/logo\/image\/","url":"https:\/\/www.iberfoil.com\/wp-content\/uploads\/2020\/06\/logo-iberfoil.png","contentUrl":"https:\/\/www.iberfoil.com\/wp-content\/uploads\/2020\/06\/logo-iberfoil.png","width":350,"height":198,"caption":"Iberfoil"},"image":{"@id":"https:\/\/www.iberfoil.com\/#\/schema\/logo\/image\/"}}]}},"_links":{"self":[{"href":"https:\/\/www.iberfoil.com\/de\/wp-json\/wp\/v2\/pages\/361","targetHints":{"allow":["GET"]}}],"collection":[{"href":"https:\/\/www.iberfoil.com\/de\/wp-json\/wp\/v2\/pages"}],"about":[{"href":"https:\/\/www.iberfoil.com\/de\/wp-json\/wp\/v2\/types\/page"}],"author":[{"embeddable":true,"href":"https:\/\/www.iberfoil.com\/de\/wp-json\/wp\/v2\/users\/1"}],"replies":[{"embeddable":true,"href":"https:\/\/www.iberfoil.com\/de\/wp-json\/wp\/v2\/comments?post=361"}],"version-history":[{"count":14,"href":"https:\/\/www.iberfoil.com\/de\/wp-json\/wp\/v2\/pages\/361\/revisions"}],"predecessor-version":[{"id":5570,"href":"https:\/\/www.iberfoil.com\/de\/wp-json\/wp\/v2\/pages\/361\/revisions\/5570"}],"wp:attachment":[{"href":"https:\/\/www.iberfoil.com\/de\/wp-json\/wp\/v2\/media?parent=361"}],"curies":[{"name":"wp","href":"https:\/\/api.w.org\/{rel}","templated":true}]}}