{"id":4228,"date":"2020-06-29T06:42:26","date_gmt":"2020-06-29T06:42:26","guid":{"rendered":"https:\/\/www.iberfoil.com\/politica-de-cookies\/"},"modified":"2022-01-28T10:04:44","modified_gmt":"2022-01-28T10:04:44","slug":"cookie-richtlinien","status":"publish","type":"page","link":"https:\/\/www.iberfoil.com\/de\/cookie-richtlinien\/","title":{"rendered":"Cookie Politik"},"content":{"rendered":"<h2 class=\"smallmargin-bottom3\">Cookie Politik<\/h2>\n<p>&nbsp;<\/p>\n<p><span style=\"text-decoration: underline;\">Was ist ein Cookie?<\/span><\/p>\n<p>Ein Cookie ist eine Textdatei, die auf Ihren PC heruntergeladen wird, wenn Sie auf bestimmte Webseiten zugreifen. Die Cookies erm\u00f6glichen es, einer Webseite (unter anderem) Informationen \u00fcber die Surfgewohnheiten eines Benutzers oder seines Teams zu speichern und abzurufen. Dies h\u00e4ngt von den darin enthaltenen Informationen und der Art und Weise ab, wie Ihre Ger\u00e4te verwendet werden, um sie zu erkennen.<\/p>\n<p>Diese Medien erhalten jedoch nur Informationen \u00fcber die Anzahl der Besuche, die Stadt, auf die auf die IP-Adresse zugegriffen wird, die Anzahl der neuen Benutzer, die H\u00e4ufigkeit und R\u00fcckf\u00e4lligkeit von Besuchen, die Besuchszeit, der Browser, Betreiber oder Typ des Terminals, von dem aus der Besuch erfolgt. In keinem Fall werden Daten \u00fcber den Namen, den Nachnamen, die Postanschrift oder andere \u00e4hnliche Daten des Benutzers erhalten, der eine Verbindung hergestellt hat.<\/p>\n<p>&nbsp;<\/p>\n<p><span style=\"text-decoration: underline;\">Welche Arten von Cookies gibt es?<\/span><\/p>\n<p>Sie k\u00f6nnen eigenen Cookies oder Third-Party Cookies sein. Eigenen Cookies sind diejenigen, die von einem PC oder einer Dom\u00e4ne, die vom Webeditor selbst verwaltet wird, an den PC des Benutzers gesendet werden, von dem aus der vom Benutzer angeforderte Dienst bereitgestellt wird. Die Third-Party Cookies sind diejenigen, die von einem PC oder einer Dom\u00e4ne an das Endger\u00e4t des Benutzers gesendet werden, die nicht vom Herausgeber verwaltet wird, sondern von einer anderen Grundlage, die die durch Cookies erhaltenen Daten verarbeitet.<\/p>\n<p>Dar\u00fcber hinaus k\u00f6nnen Session-Cookies oder Persistente Cookies sein. Die Session-Cookies sind eine Art von Cookies, mit denen Daten gesammelt und gespeichert werden, w\u00e4hrend der Benutzer auf eine Webseite zugreift. Die Persistente Cookies sind eine Art von Cookies, bei dem die im Terminal gespeicherten Daten gespeichert bleiben und f\u00fcr einen von der f\u00fcr das Cookie verantwortlichen Person festgelegten Zeitraum abgerufen und verarbeitet werden k\u00f6nnen. Dieser Zeitraum kann zwischen einigen Minuten und mehreren Jahren liegen.<\/p>\n<p>&nbsp;<\/p>\n<p><span style=\"text-decoration: underline;\">Wer ist f\u00fcr die Behandlung von Cookies auf dieser Webseite verantwortlich?<\/span><\/p>\n<p>Der Inhaber der Webseite und der Verantwortliche f\u00fcr die Behandlung der hier verwendeten Cookies sowie deren Kontaktinformationen sind im <strong>Rechtlicher Hinweis<\/strong> auf dieser Seite zug\u00e4nglich. Ebenso k\u00f6nnen andere Third-Party Cookies als der Eigent\u00fcmer dieser Webseite vorhanden sein.<\/p>\n<p>&nbsp;<\/p>\n<p><span style=\"text-decoration: underline;\">Wie werden die Cookies von dieser Webseite verwendet? <\/span><\/p>\n<table class=\"cookies-table\">\n<thead>\n<tr>\n<th>Eigene\/<br \/>\nDritte<\/th>\n<th>Dom\u00e4en, denen Cookies zugeordnet sind<\/th>\n<th>Cookiesart entsprechend seinem Zweck<\/th>\n<th>Beschreibung<\/th>\n<th>Ablauf der einmal installierten Cookies<\/th>\n<\/tr>\n<\/thead>\n<tbody>\n<tr>\n<td>Eigene<\/td>\n<td>www.iberfoil.com<\/td>\n<td>Technische<\/td>\n<td>Mit diesen k\u00f6nnen Sie das Benutzerverhalten von einer Seite zur anderen verfolgen, sodass Sie nicht nach mehr Informationen als zuvor angegeben gefragt werden.<\/td>\n<td>Session<\/td>\n<\/tr>\n<tr>\n<td rowspan=\"4\">Dritte<\/td>\n<td>www.google.com<br \/>\nwww.youtube.com<br \/>\nwww.maps.google.com<\/td>\n<td>Personalisierung<\/td>\n<td>Sie erm\u00f6glichen es, eine personalisierte Erfahrung des Inhalts von dieser Webseite (z. B. Sprache) zu bitten, relevante Inhalte f\u00fcr den Benutzer zu zeigen und<br \/>\nNachtrichten oder Warnungen, die Sie fordern, zu senden. Wenn sie nicht akzeptiert werden, wird die Navigation stattfinden, aber ohne Ber\u00fccksichtigung von Vorlieben.<\/td>\n<td>10 Minuten &#8211; 2 Jahren<\/td>\n<\/tr>\n<tr>\n<td>www.google.com\/analytics<br \/>\nwww.youtube.com<\/td>\n<td>Analyse<\/td>\n<td>Sie erm\u00f6glichen es, die Anzahl der Benutzer zu quantifizieren und ihre Navigation zu untersuchen. Auf diese Weise k\u00f6nnen sie die Nutzung der Webseite statistisch messen und analysieren, um den Inhalt und den Dienst durch die Webseite zu verbessern. Sie k\u00f6nnen eigenen Cookies oder Third-Party Cookies sein. Wenn sie nicht akzeptiert werden, wird die angegebene Analyse einfach nicht durchgef\u00fchrt.<\/td>\n<td>Session &#8211; 2 Jahren<\/td>\n<\/tr>\n<tr>\n<td>www.linkedin.com<br \/>\nwww.facebook.com<br \/>\nwww.twitter.com<br \/>\nwww.addthis.com<\/td>\n<td>Soziale Netzwerke<\/td>\n<td>Sie erm\u00f6glichen es Ihnen, mit Ihrem sozialen Netzwerk in Kontakt zu sein, Inhalte zu teilen, Kommentare zu senden und zu verbreiten. Wenn sie nicht akzeptiert werden, ist es nicht m\u00f6glich, von dieser Webseite aus eine Verbindung zu sozialen Netzwerken herzustellen.<\/td>\n<td>Session &#8211; 2 Jahren<\/td>\n<\/tr>\n<tr>\n<td>www.doubleclick.com<\/td>\n<td>Werbung<\/td>\n<td>Sie erm\u00f6glichen die Verwaltung und Optimierung der Werbung, die der Nutzer erh\u00e4lt, beispielsweise welche Anzeigen f\u00fcr ihn am relevantesten sind oder mit welcher H\u00e4ufigkeit sie ihm gezeigt werden. Sie k\u00f6nnen eigenen Cookies oder Third-Party Cookies sein. Wenn sie nicht akzeptiert werden, wird die Werbung, die weiterhin angezeigt wird, nicht personalisiert sein.<\/td>\n<td>1 Jahren und 7 Monaten<\/td>\n<\/tr>\n<\/tbody>\n<\/table>\n<p><span style=\"text-decoration: underline;\">Was ist die Legitimation f\u00fcr die Verwendung von Cookies?<\/span><\/p>\n<p>Technische Cookies, das hei\u00dft solche, die f\u00fcr das Durchsuchen dieser Website und den Erhalt des \u00fcber sie angebotenen Dienstes unerl\u00e4sslich sind, haben die Rechtsgrundlage in die Vereinbarung, \u00fcber die Sie sich entscheiden, diese Website und ihre Dienste zu nutzen.<\/p>\n<p>Rechtsgrundlage f\u00fcr die Verwendung anderer Cookies ist die Einwilligung des Nutzers, die zum Zeitpunkt des Zugriffs auf diese Website angefordert wird und jederzeit widerrufen werden kann. Der Widerruf dieser Einwilligung hat keine Auswirkungen auf die M\u00f6glichkeit, auf dieser Website zu surfen und ihre Dienste zu nutzen. Die zuvor durchgef\u00fchrte Datenverarbeitung verliert jedoch nicht ihre Rechtm\u00e4\u00dfigkeit, f\u00fcr die Tatsache, dass die Einwilligung widerrufen wurde.<\/p>\n<p>&nbsp;<\/p>\n<p><span style=\"text-decoration: underline;\">An welche Empf\u00e4nger werden Cookies \u00fcbermittelt oder k\u00f6nnen sie darauf zugreifen?<\/span><\/p>\n<p>Wenn es Third-Party Cookies gibt, wie oben angegeben, k\u00f6nnen diese Drittanbietern auf Cookies zugreifen und diese auf die oben beschriebene Weise verwenden.<\/p>\n<p>&nbsp;<\/p>\n<p><span style=\"text-decoration: underline;\">Welche Rechte haben Sie in Bezug auf die Verwendung von Cookies auf dieser Webseite?<\/span><\/p>\n<p>Nach den geltenden Vorschriften hat jeder das Recht, eine Best\u00e4tigung dar\u00fcber zu erhalten, ob personenbezogene Daten, die ihn betreffen, verarbeitet werden oder nicht. Ebenso haben interessierte Personen das Recht, auf ihre Daten zuzugreifen sowie die Berichtigung ungenauer Daten zu beantragen oder gegebenenfalls deren L\u00f6schung zu beantragen, wenn die Daten unter anderem f\u00fcr die Zwecke, f\u00fcr die sie nicht mehr erforderlich sind, erforderlich sind wurden gesammelt. Im Falle von Cookies k\u00f6nnen diese Rechte vorbehaltlich der Einschr\u00e4nkungen ausge\u00fcbt werden, die sich aus der Art dieser Dateien ergeben.<\/p>\n<p>Unter den in der Allgemeinen Datenschutzverordnung vorgesehenen Bedingungen k\u00f6nnen die interessierten Parteien die Einschr\u00e4nkung der Behandlung ihrer Daten oder ihrer Portabilit\u00e4t beantragen. In diesem Fall werden wir sie nur zur Aus\u00fcbung oder Verteidigung von Anspr\u00fcchen aufbewahren.<\/p>\n<p>Unter bestimmten Umst\u00e4nden und aus Gr\u00fcnden, die mit ihrer jeweiligen Situation zusammenh\u00e4ngen, k\u00f6nnen die interessierten Parteien der Verarbeitung ihrer Daten widersprechen. Wenn Sie eine Einwilligung f\u00fcr einen bestimmten Zweck erteilt haben, haben Sie das Recht, diese jederzeit zu widerrufen, ohne die Rechtm\u00e4\u00dfigkeit der Behandlung aufgrund der Einwilligung vor ihrem Widerruf zu beeintr\u00e4chtigen. In diesen F\u00e4llen werden wir die Verarbeitung der Daten einstellen oder gegebenenfalls f\u00fcr diesen bestimmten Zweck einstellen, au\u00dfer aus zwingenden berechtigten Gr\u00fcnden oder zur Aus\u00fcbung oder Verteidigung m\u00f6glicher Anspr\u00fcche.<\/p>\n<p>Angesichts einer Verletzung Ihrer Rechte, insbesondere wenn Sie mit Ihrer Aus\u00fcbung nicht zufrieden sind, k\u00f6nnen Sie eine Klage bei der spanischen Datenschutzbeh\u00f6rde (Kontaktdaten unter www.agpd.es) oder einer anderen zust\u00e4ndigen Kontrollbeh\u00f6rde einreichen. Weitere Informationen zu Ihren Rechten erhalten Sie auch, indem Sie sich an diese Organisationen wenden.<\/p>\n<p>&nbsp;<\/p>\n<p><span style=\"text-decoration: underline;\">Wie kann ich Cookies verwalten?<\/span><\/p>\n<p>Sie k\u00f6nnen die auf Ihrem PC installierten\u00a0<span class=\"il\">Cookies<\/span>\u00a0zulassen, blockieren oder l\u00f6schen, indem Sie auf den folgenden Link klicken:\u00a0<a role='button' tabindex='0' class=\"medium cli-plugin-button cli-plugin-main-button cli_settings_button\" style=\"margin:20px 5px;\" >COOKIES EINSTELLUNGEN<\/a><\/p>\n<p><span lang=\"EN-GB\">Sie k\u00f6nnen auch Ihre Browseroptionen konfigurieren.\u00a0<\/span>Informationen dazu in Bezug auf die g\u00e4ngigsten Browser finden Sie unter den folgenden Links:<\/p>\n<ul>\n<li>Explorer:\u00a0<a href=\"https:\/\/support.microsoft.com\/es-es\/help\/17442\/windows-internet-explorer-delete-manage-cookies\" target=\"_blank\" rel=\"noopener\">https:\/\/support.microsoft.com\/es-es\/help\/17442\/windows-internet-explorer-delete-manage-cookies<\/a><\/li>\n<li>Firefox:\u00a0<a href=\"https:\/\/support.mozilla.org\/es\/kb\/habilitar-y-deshabilitar-cookies-que-los-sitios-we\" target=\"_blank\" rel=\"noopener\">https:\/\/support.mozilla.org\/es\/kb\/habilitar-y-deshabilitar-cookies-que-los-sitios-we<\/a><\/li>\n<li>Chrome:\u00a0<a href=\"http:\/\/support.google.com\/chrome\/bin\/answer.py?hl=es&amp;answer=95647\" target=\"_blank\" rel=\"noopener\">http:\/\/support.google.com\/chrome\/bin\/answer.py?hl=es&amp;answer=95647<\/a><\/li>\n<li>Safari:\u00a0<a href=\"https:\/\/support.apple.com\/es-es\/guide\/safari\/sfri11471\/mac\" target=\"_blank\" rel=\"noopener\">https:\/\/support.apple.com\/es-es\/guide\/safari\/sfri11471\/mac<\/a><\/li>\n<\/ul>\n","protected":false},"excerpt":{"rendered":"<p>Cookie Politik &nbsp; Was ist ein Cookie? Ein Cookie ist eine Textdatei, die auf Ihren PC heruntergeladen wird, wenn Sie auf bestimmte Webseiten zugreifen. Die Cookies erm\u00f6glichen es, einer Webseite (unter anderem) Informationen \u00fcber die Surfgewohnheiten eines Benutzers oder seines Teams zu speichern und abzurufen. Dies h\u00e4ngt von den darin enthaltenen Informationen und der Art [&hellip;]<\/p>\n","protected":false},"author":1,"featured_media":0,"parent":0,"menu_order":0,"comment_status":"closed","ping_status":"closed","template":"","meta":{"footnotes":""},"class_list":["post-4228","page","type-page","status-publish","hentry"],"yoast_head":"<!-- This site is optimized with the Yoast SEO plugin v27.2 - https:\/\/yoast.com\/product\/yoast-seo-wordpress\/ -->\n<title>Cookie Politik | Iberfoil<\/title>\n<meta name=\"robots\" content=\"index, follow, max-snippet:-1, max-image-preview:large, max-video-preview:-1\" \/>\n<link rel=\"canonical\" href=\"https:\/\/www.iberfoil.com\/de\/cookie-richtlinien\/\" \/>\n<meta property=\"og:locale\" content=\"de_DE\" \/>\n<meta property=\"og:type\" content=\"article\" \/>\n<meta property=\"og:title\" content=\"Cookie Politik | Iberfoil\" \/>\n<meta property=\"og:description\" content=\"Cookie Politik &nbsp; Was ist ein Cookie? Ein Cookie ist eine Textdatei, die auf Ihren PC heruntergeladen wird, wenn Sie auf bestimmte Webseiten zugreifen. Die Cookies erm\u00f6glichen es, einer Webseite (unter anderem) Informationen \u00fcber die Surfgewohnheiten eines Benutzers oder seines Teams zu speichern und abzurufen. Dies h\u00e4ngt von den darin enthaltenen Informationen und der Art [&hellip;]\" \/>\n<meta property=\"og:url\" content=\"https:\/\/www.iberfoil.com\/de\/cookie-richtlinien\/\" \/>\n<meta property=\"og:site_name\" content=\"Iberfoil\" \/>\n<meta property=\"article:modified_time\" content=\"2022-01-28T10:04:44+00:00\" \/>\n<meta name=\"twitter:card\" content=\"summary_large_image\" \/>\n<meta name=\"twitter:label1\" content=\"Gesch\u00e4tzte Lesezeit\" \/>\n\t<meta name=\"twitter:data1\" content=\"5\u00a0Minuten\" \/>\n<script type=\"application\/ld+json\" class=\"yoast-schema-graph\">{\"@context\":\"https:\/\/schema.org\",\"@graph\":[{\"@type\":\"WebPage\",\"@id\":\"https:\/\/www.iberfoil.com\/de\/cookie-richtlinien\/\",\"url\":\"https:\/\/www.iberfoil.com\/de\/cookie-richtlinien\/\",\"name\":\"Cookie Politik | Iberfoil\",\"isPartOf\":{\"@id\":\"https:\/\/www.iberfoil.com\/#website\"},\"datePublished\":\"2020-06-29T06:42:26+00:00\",\"dateModified\":\"2022-01-28T10:04:44+00:00\",\"breadcrumb\":{\"@id\":\"https:\/\/www.iberfoil.com\/de\/cookie-richtlinien\/#breadcrumb\"},\"inLanguage\":\"de\",\"potentialAction\":[{\"@type\":\"ReadAction\",\"target\":[\"https:\/\/www.iberfoil.com\/de\/cookie-richtlinien\/\"]}]},{\"@type\":\"BreadcrumbList\",\"@id\":\"https:\/\/www.iberfoil.com\/de\/cookie-richtlinien\/#breadcrumb\",\"itemListElement\":[{\"@type\":\"ListItem\",\"position\":1,\"name\":\"Portada\",\"item\":\"https:\/\/www.iberfoil.com\/fr\/\"},{\"@type\":\"ListItem\",\"position\":2,\"name\":\"Cookie Politik\"}]},{\"@type\":\"WebSite\",\"@id\":\"https:\/\/www.iberfoil.com\/#website\",\"url\":\"https:\/\/www.iberfoil.com\/\",\"name\":\"Iberfoil\",\"description\":\"Fabricaci\u00f3n de aluminio\",\"publisher\":{\"@id\":\"https:\/\/www.iberfoil.com\/#organization\"},\"potentialAction\":[{\"@type\":\"SearchAction\",\"target\":{\"@type\":\"EntryPoint\",\"urlTemplate\":\"https:\/\/www.iberfoil.com\/?s={search_term_string}\"},\"query-input\":{\"@type\":\"PropertyValueSpecification\",\"valueRequired\":true,\"valueName\":\"search_term_string\"}}],\"inLanguage\":\"de\"},{\"@type\":\"Organization\",\"@id\":\"https:\/\/www.iberfoil.com\/#organization\",\"name\":\"Iberfoil\",\"url\":\"https:\/\/www.iberfoil.com\/\",\"logo\":{\"@type\":\"ImageObject\",\"inLanguage\":\"de\",\"@id\":\"https:\/\/www.iberfoil.com\/#\/schema\/logo\/image\/\",\"url\":\"https:\/\/www.iberfoil.com\/wp-content\/uploads\/2020\/06\/logo-iberfoil.png\",\"contentUrl\":\"https:\/\/www.iberfoil.com\/wp-content\/uploads\/2020\/06\/logo-iberfoil.png\",\"width\":350,\"height\":198,\"caption\":\"Iberfoil\"},\"image\":{\"@id\":\"https:\/\/www.iberfoil.com\/#\/schema\/logo\/image\/\"}}]}<\/script>\n<!-- \/ Yoast SEO plugin. -->","yoast_head_json":{"title":"Cookie Politik | Iberfoil","robots":{"index":"index","follow":"follow","max-snippet":"max-snippet:-1","max-image-preview":"max-image-preview:large","max-video-preview":"max-video-preview:-1"},"canonical":"https:\/\/www.iberfoil.com\/de\/cookie-richtlinien\/","og_locale":"de_DE","og_type":"article","og_title":"Cookie Politik | Iberfoil","og_description":"Cookie Politik &nbsp; Was ist ein Cookie? Ein Cookie ist eine Textdatei, die auf Ihren PC heruntergeladen wird, wenn Sie auf bestimmte Webseiten zugreifen. Die Cookies erm\u00f6glichen es, einer Webseite (unter anderem) Informationen \u00fcber die Surfgewohnheiten eines Benutzers oder seines Teams zu speichern und abzurufen. Dies h\u00e4ngt von den darin enthaltenen Informationen und der Art [&hellip;]","og_url":"https:\/\/www.iberfoil.com\/de\/cookie-richtlinien\/","og_site_name":"Iberfoil","article_modified_time":"2022-01-28T10:04:44+00:00","twitter_card":"summary_large_image","twitter_misc":{"Gesch\u00e4tzte Lesezeit":"5\u00a0Minuten"},"schema":{"@context":"https:\/\/schema.org","@graph":[{"@type":"WebPage","@id":"https:\/\/www.iberfoil.com\/de\/cookie-richtlinien\/","url":"https:\/\/www.iberfoil.com\/de\/cookie-richtlinien\/","name":"Cookie Politik | Iberfoil","isPartOf":{"@id":"https:\/\/www.iberfoil.com\/#website"},"datePublished":"2020-06-29T06:42:26+00:00","dateModified":"2022-01-28T10:04:44+00:00","breadcrumb":{"@id":"https:\/\/www.iberfoil.com\/de\/cookie-richtlinien\/#breadcrumb"},"inLanguage":"de","potentialAction":[{"@type":"ReadAction","target":["https:\/\/www.iberfoil.com\/de\/cookie-richtlinien\/"]}]},{"@type":"BreadcrumbList","@id":"https:\/\/www.iberfoil.com\/de\/cookie-richtlinien\/#breadcrumb","itemListElement":[{"@type":"ListItem","position":1,"name":"Portada","item":"https:\/\/www.iberfoil.com\/fr\/"},{"@type":"ListItem","position":2,"name":"Cookie Politik"}]},{"@type":"WebSite","@id":"https:\/\/www.iberfoil.com\/#website","url":"https:\/\/www.iberfoil.com\/","name":"Iberfoil","description":"Fabricaci\u00f3n de aluminio","publisher":{"@id":"https:\/\/www.iberfoil.com\/#organization"},"potentialAction":[{"@type":"SearchAction","target":{"@type":"EntryPoint","urlTemplate":"https:\/\/www.iberfoil.com\/?s={search_term_string}"},"query-input":{"@type":"PropertyValueSpecification","valueRequired":true,"valueName":"search_term_string"}}],"inLanguage":"de"},{"@type":"Organization","@id":"https:\/\/www.iberfoil.com\/#organization","name":"Iberfoil","url":"https:\/\/www.iberfoil.com\/","logo":{"@type":"ImageObject","inLanguage":"de","@id":"https:\/\/www.iberfoil.com\/#\/schema\/logo\/image\/","url":"https:\/\/www.iberfoil.com\/wp-content\/uploads\/2020\/06\/logo-iberfoil.png","contentUrl":"https:\/\/www.iberfoil.com\/wp-content\/uploads\/2020\/06\/logo-iberfoil.png","width":350,"height":198,"caption":"Iberfoil"},"image":{"@id":"https:\/\/www.iberfoil.com\/#\/schema\/logo\/image\/"}}]}},"_links":{"self":[{"href":"https:\/\/www.iberfoil.com\/de\/wp-json\/wp\/v2\/pages\/4228","targetHints":{"allow":["GET"]}}],"collection":[{"href":"https:\/\/www.iberfoil.com\/de\/wp-json\/wp\/v2\/pages"}],"about":[{"href":"https:\/\/www.iberfoil.com\/de\/wp-json\/wp\/v2\/types\/page"}],"author":[{"embeddable":true,"href":"https:\/\/www.iberfoil.com\/de\/wp-json\/wp\/v2\/users\/1"}],"replies":[{"embeddable":true,"href":"https:\/\/www.iberfoil.com\/de\/wp-json\/wp\/v2\/comments?post=4228"}],"version-history":[{"count":5,"href":"https:\/\/www.iberfoil.com\/de\/wp-json\/wp\/v2\/pages\/4228\/revisions"}],"predecessor-version":[{"id":6098,"href":"https:\/\/www.iberfoil.com\/de\/wp-json\/wp\/v2\/pages\/4228\/revisions\/6098"}],"wp:attachment":[{"href":"https:\/\/www.iberfoil.com\/de\/wp-json\/wp\/v2\/media?parent=4228"}],"curies":[{"name":"wp","href":"https:\/\/api.w.org\/{rel}","templated":true}]}}