{"id":4227,"date":"2020-06-29T06:42:26","date_gmt":"2020-06-29T06:42:26","guid":{"rendered":"https:\/\/www.iberfoil.com\/politica-de-cookies\/"},"modified":"2022-01-28T10:06:02","modified_gmt":"2022-01-28T10:06:02","slug":"politique-cookies","status":"publish","type":"page","link":"https:\/\/www.iberfoil.com\/fr\/politique-cookies\/","title":{"rendered":"Politique de Cookies"},"content":{"rendered":"<h2 class=\"smallmargin-bottom3\">Politique de Cookies<\/h2>\n<p>&nbsp;<\/p>\n<p><span style=\"text-decoration: underline;\">Qu\u2019est-ce qu\u2019un cookie?<\/span><\/p>\n<p>Un cookie est un fichier qui est t\u00e9l\u00e9charg\u00e9 sur votre ordinateur lorsque vous acc\u00e9dez \u00e0 certaines pages web. Les cookies permettent \u00e0 une page web, entre autres, de stocker et de r\u00e9cup\u00e9rer des informations sur les habitudes de navigation d\u2019un utilisateur ou de son \u00e9quipement et, en fonction des informations qu\u2019ils contiennent et de la fa\u00e7on dont leur \u00e9quipement est utilis\u00e9, ils peuvent servir \u00e0 le reconna\u00eetre.<\/p>\n<p>Cependant, ces m\u00e9dias n\u2019obtiennent que des informations concernant le nombre de visites, la ville depuis laquelle l\u2019adresse IP est accessible, le nombre de nouveaux utilisateurs, la fr\u00e9quence et la r\u00e9currence des visites, l\u2019heure de la visite, le navigateur ou l\u2019op\u00e9rateur ou le type de terminal \u00e0 partir duquel la visite est effectu\u00e9e. En aucun cas, des donn\u00e9es ne sont obtenues sur le nom, le pr\u00e9nom, l\u2019adresse postale ou d\u2019autres donn\u00e9es similaires de l\u2019utilisateur qui s\u2019est connect\u00e9.<\/p>\n<p>&nbsp;<\/p>\n<p><span style=\"text-decoration: underline;\">Quels types de cookies existe-t-il?<\/span><\/p>\n<p>Les cookies peuvent \u00eatre propres ou tiers. Les propres sont ceux qui sont envoy\u00e9s \u00e0 l\u2019\u00e9quipement terminal de l\u2019utilisateur \u00e0 partir d\u2019un ordinateur ou d\u2019un domaine g\u00e9r\u00e9 par l\u2019\u00e9diteur web lui-m\u00eame, \u00e0 partir duquel le service demand\u00e9 par l\u2019utilisateur est fourni. Les cookies tiers sont ceux qui sont envoy\u00e9s \u00e0 l\u2019\u00e9quipement terminal de l\u2019utilisateur \u00e0 partir d\u2019un ordinateur ou d\u2019un domaine qui n\u2019est pas g\u00e9r\u00e9 par l\u2019\u00e9diteur, mais par une autre source qui traite les donn\u00e9es obtenues via les cookies.<\/p>\n<p>De plus, les cookies peuvent \u00eatre de session ou persistants. Les premiers sont un type de cookie con\u00e7u pour collecter et stocker des donn\u00e9es pendant que l\u2019utilisateur acc\u00e8de \u00e0 une page Web. Les cookies persistants sont un type de cookie qui conserve les donn\u00e9es stock\u00e9es dans le terminal et peuvent \u00eatre consult\u00e9s et trait\u00e9s pendant une p\u00e9riode d\u00e9finie par la personne responsable du cookie, qui peut aller de quelques minutes \u00e0 plusieurs ann\u00e9es.<\/p>\n<p>&nbsp;<\/p>\n<p><span style=\"text-decoration: underline;\">Qui est le responsable du traitement des cookies sur ce site web?<\/span><\/p>\n<p>Tout ce qui se r\u00e9f\u00e8re au propri\u00e9taire du site et au responsable du traitement des cookies utilis\u00e9s ici, ainsi que leurs coordonn\u00e9es, sont accessibles dans\u00a0les Mentions L\u00e9gales\u00a0de cette page. De m\u00eame, il peut y avoir des cookies tiers autres que le propri\u00e9taire de ce site Web.<\/p>\n<p>&nbsp;<\/p>\n<p><span style=\"text-decoration: underline;\">Comment sont les cookies utilis\u00e9s par ce site web?<\/span><\/p>\n<table class=\"cookies-table\">\n<thead>\n<tr>\n<th>Propes\/<br \/>\nTiers<\/th>\n<th>Domaines auxquels sont associ\u00e9s les cookies<\/th>\n<th>Type de cookie selon leur finalit\u00e9<\/th>\n<th>Description<\/th>\n<th>Expiration des cookies une fois install\u00e9s<\/th>\n<\/tr>\n<\/thead>\n<tbody>\n<tr>\n<td>Propes<\/td>\n<td>www.iberfoil.com<\/td>\n<td>Technique<\/td>\n<td>Ils permettent de suivre le comportement des utilsateurs d\u2019une page \u00e0 l\u2019autre, de sorte que l\u2019on ne vous demandera pas plus d\u2019informations que celles fournies pr\u00e9c\u00e9demment.<\/td>\n<td>Session<\/td>\n<\/tr>\n<tr>\n<td rowspan=\"4\">Tiers<\/td>\n<td>www.google.com<br \/>\nwww.youtube.com<br \/>\nwww.maps.google.com<\/td>\n<td>Personnalisation<\/td>\n<td>Ils nous permettent d\u2019offrir une exp\u00e9rience plus personnalis\u00e9e du contenu de ce site (par exemple la langue), d\u2019afficher du contenu pertinent pour l\u2019utilisateur et de lui envoyer les messages ou alertes qu\u2019il demande. S\u2019ils ne sont pas accept\u00e9s, la navigation se fera, mais sans tenir compte de ces pr\u00e9f\u00e9rences.<\/td>\n<td>10 mins \u2013 2 ans<\/td>\n<\/tr>\n<tr>\n<td>www.google.com\/analytics<br \/>\nwww.youtube.com<\/td>\n<td>Analyse<\/td>\n<td>Ils permettent de quantifier le nombre d\u2019utilisateurs et d\u2019examiner leur navigation, permettant ainsi de mesurer et d\u2019analyser statistiquement l\u2019utilisation faite du web, afin d\u2019am\u00e9liorer le contenu et le service \u00e0 travers celui-ci. Il peut s\u2019agir de cookies propres ou tiers. S\u2019ils ne sont pas accept\u00e9s, l\u2019analyse indiqu\u00e9e ne sera tout simplement pas effectu\u00e9e.<\/td>\n<td>Session \u2013 2 ans<\/td>\n<\/tr>\n<tr>\n<td>www.linkedin.com<br \/>\nwww.facebook.com<br \/>\nwww.twitter.com<br \/>\nwww.addthis.com<\/td>\n<td>R\u00e9seaux Sociaux<\/td>\n<td>Ils vous permettent d\u2019\u00eatre en contact avec votre r\u00e9seau social, de partager du contenu, d\u2019envoyer et de diffuser des commentaires. S\u2019ils ne sont pas accept\u00e9s, il ne sera pas possible de se connecter aux r\u00e9seaux sociaux depuis ce site.<\/td>\n<td>Session \u2013 2 ans<\/td>\n<\/tr>\n<tr>\n<td>www.doubleclick.com<\/td>\n<td>Publicit\u00e9<\/td>\n<td>Ils permettent de g\u00e9rer et d\u2019optimiser les publicit\u00e9s que l\u2019utilisateur re\u00e7oit, telles que les publicit\u00e9s les plus pertinentes pour lui ou la fr\u00e9quence \u00e0 laquelle elles sont diffus\u00e9es. Il peut s\u2019agir de cookies propres ou tiers. S\u2019ils ne sont pas accept\u00e9s, la publicit\u00e9 continuera d\u2019\u00eatre diffus\u00e9e, mais elle ne sera pas personnalis\u00e9e.<\/td>\n<td>1 ans et 7 mois<\/td>\n<\/tr>\n<\/tbody>\n<\/table>\n<p><span style=\"text-decoration: underline;\">Quelle est la l\u00e9gitimit\u00e9 de l\u2019utilisation des cookies?<\/span><\/p>\n<p>Dans le cas des cookies techniques, c\u2019est-\u00e0-dire ceux qui sont essentiels pour naviguer sur ce site web et recevoir le service offert par son interm\u00e9diaire, la base juridique de son utilisation est l\u2019accord par lequel vous d\u00e9cidez d\u2019utiliser ce site web et leurs services.<\/p>\n<p>La base l\u00e9gale pour l\u2019utilisation d\u2019autres cookies est le consentement de l\u2019utilisateur, qui est demand\u00e9 au moment de l\u2019acc\u00e8s \u00e0 ce site web, et peut \u00eatre r\u00e9voqu\u00e9 \u00e0 tout moment. Le retrait dudit consentement n\u2019affectera pas la possibilit\u00e9 de naviguer sur ce site et d\u2019utiliser ses services, mais le traitement des donn\u00e9es effectu\u00e9 pr\u00e9c\u00e9demment ne perdra pas sa l\u00e9galit\u00e9 du fait que le consentement a \u00e9t\u00e9 r\u00e9voqu\u00e9.<\/p>\n<p>&nbsp;<\/p>\n<p><span style=\"text-decoration: underline;\">\u00c0 quels destinataires seront communiqu\u00e9s les cookies ou qui pourra y acc\u00e9der?<\/span><\/p>\n<p>Lorsque des cookies tiers existent, comme indiqu\u00e9 ci-dessus, ces tiers peuvent acc\u00e9der aux cookies et les utiliser de la mani\u00e8re d\u00e9crite pr\u00e9c\u00e9demment.<\/p>\n<p>&nbsp;<\/p>\n<p><span style=\"text-decoration: underline;\">Quels sont vos droits concernant l\u2019utilisation de cookies faite par ce site web?<\/span><\/p>\n<p>Conform\u00e9ment \u00e0 la r\u00e9glementation en vigueur, toute personne a le droit d\u2019obtenir une confirmation quant au traitement ou non des donn\u00e9es personnelles la concernant. De m\u00eame, dans les conditions fix\u00e9es par la loi, les personnes int\u00e9ress\u00e9es ont le droit d\u2019acc\u00e9der \u00e0 leurs donn\u00e9es, ainsi que de demander la rectification de donn\u00e9es inexactes ou, le cas \u00e9ch\u00e9ant, de demander leur suppression lorsque, entre autres raisons, les donn\u00e9es ne sont plus n\u00e9cessaires aux fins pour lesquelles ils ont \u00e9t\u00e9 collect\u00e9es. Dans le cas des cookies, ces droits peuvent \u00eatre exerc\u00e9s sous r\u00e9serve des limitations d\u00e9riv\u00e9es de la nature de ces fichiers.<\/p>\n<p>Dans les conditions pr\u00e9vues par le r\u00e8glement g\u00e9n\u00e9ral sur la protection des donn\u00e9es, les parties int\u00e9ress\u00e9es peuvent demander la limitation du traitement de leurs donn\u00e9es ou de leur portabilit\u00e9, auquel cas nous ne les conserverons que pour l\u2019exercice ou la d\u00e9fense de r\u00e9clamations.<\/p>\n<p>Dans certaines circonstances et pour des raisons li\u00e9es \u00e0 leur situation particuli\u00e8re, les parties int\u00e9ress\u00e9es peuvent s\u2019opposer au traitement de leurs donn\u00e9es. Si vous avez donn\u00e9 votre consentement dans un but sp\u00e9cifique, vous avez le droit de le retirer \u00e0 tout moment, sans affecter la l\u00e9galit\u00e9 du traitement bas\u00e9 sur le consentement avant son retrait. Dans ces cas, nous cesserons de traiter les donn\u00e9es ou, le cas \u00e9ch\u00e9ant, nous cesserons de le faire dans ce but sp\u00e9cifique, sauf pour des raisons l\u00e9gitimes imp\u00e9rieuses, ou pour l\u2019exercice ou la d\u00e9fense d\u2019\u00e9ventuelles r\u00e9clamations.<\/p>\n<p>Face \u00e0 toute violation de vos droits, notamment lorsque vous n\u2019avez pas obtenu satisfaction dans votre exercice, vous pouvez d\u00e9poser une r\u00e9clamation aupr\u00e8s de l\u2019Agence espagnole de protection des donn\u00e9es (coordonn\u00e9es accessibles sur www.agpd.es), ou d\u2019une autre autorit\u00e9 de contr\u00f4le comp\u00e9tente. Vous pouvez \u00e9galement obtenir plus d\u2019informations sur vos droits en contactant ces organisations.<\/p>\n<p><span style=\"text-decoration: underline;\">Comment puis-je g\u00e9rer les cookies?<\/span><\/p>\n<p>Vous pouvez autoriser, bloquer ou supprimer les\u00a0<span class=\"il\">cookies<\/span>\u00a0install\u00e9s sur votre ordinateur en cliquant sur le lien suivant: <a role='button' tabindex='0' class=\"medium cli-plugin-button cli-plugin-main-button cli_settings_button\" style=\"margin:20px 5px;\" >OPTIONS DE COOKIES<\/a><\/p>\n<p>Et \u00e9galement en configurant les options de votre navigateur. Vous trouverez toute l\u2019information n\u00e9cessaire \u00e0 ce sujet sur les liens suivants:<\/p>\n<ul>\n<li>Explorer:\u00a0<a href=\"https:\/\/support.microsoft.com\/es-es\/help\/17442\/windows-internet-explorer-delete-manage-cookies\" target=\"_blank\" rel=\"noopener\">https:\/\/support.microsoft.com\/es-es\/help\/17442\/windows-internet-explorer-delete-manage-cookies<\/a><\/li>\n<li>Firefox:\u00a0<a href=\"https:\/\/support.mozilla.org\/es\/kb\/habilitar-y-deshabilitar-cookies-que-los-sitios-we\" target=\"_blank\" rel=\"noopener\">https:\/\/support.mozilla.org\/es\/kb\/habilitar-y-deshabilitar-cookies-que-los-sitios-we<\/a><\/li>\n<li>Chrome:\u00a0<a href=\"http:\/\/support.google.com\/chrome\/bin\/answer.py?hl=es&amp;answer=95647\" target=\"_blank\" rel=\"noopener\">http:\/\/support.google.com\/chrome\/bin\/answer.py?hl=es&amp;answer=95647<\/a><\/li>\n<li>Safari:\u00a0<a href=\"https:\/\/support.apple.com\/es-es\/guide\/safari\/sfri11471\/mac\" target=\"_blank\" rel=\"noopener\">https:\/\/support.apple.com\/es-es\/guide\/safari\/sfri11471\/mac<\/a><\/li>\n<\/ul>\n","protected":false},"excerpt":{"rendered":"<p>Politique de Cookies &nbsp; Qu\u2019est-ce qu\u2019un cookie? Un cookie est un fichier qui est t\u00e9l\u00e9charg\u00e9 sur votre ordinateur lorsque vous acc\u00e9dez \u00e0 certaines pages web. Les cookies permettent \u00e0 une page web, entre autres, de stocker et de r\u00e9cup\u00e9rer des informations sur les habitudes de navigation d\u2019un utilisateur ou de son \u00e9quipement et, en fonction [&hellip;]<\/p>\n","protected":false},"author":1,"featured_media":0,"parent":0,"menu_order":0,"comment_status":"closed","ping_status":"closed","template":"","meta":{"footnotes":""},"class_list":["post-4227","page","type-page","status-publish","hentry"],"yoast_head":"<!-- This site is optimized with the Yoast SEO plugin v27.2 - https:\/\/yoast.com\/product\/yoast-seo-wordpress\/ -->\n<title>Politique de Cookies | Iberfoil<\/title>\n<meta name=\"robots\" content=\"index, follow, max-snippet:-1, max-image-preview:large, max-video-preview:-1\" \/>\n<link rel=\"canonical\" href=\"https:\/\/www.iberfoil.com\/fr\/politique-cookies\/\" \/>\n<meta property=\"og:locale\" content=\"fr_FR\" \/>\n<meta property=\"og:type\" content=\"article\" \/>\n<meta property=\"og:title\" content=\"Politique de Cookies | Iberfoil\" \/>\n<meta property=\"og:description\" content=\"Politique de Cookies &nbsp; Qu\u2019est-ce qu\u2019un cookie? Un cookie est un fichier qui est t\u00e9l\u00e9charg\u00e9 sur votre ordinateur lorsque vous acc\u00e9dez \u00e0 certaines pages web. Les cookies permettent \u00e0 une page web, entre autres, de stocker et de r\u00e9cup\u00e9rer des informations sur les habitudes de navigation d\u2019un utilisateur ou de son \u00e9quipement et, en fonction [&hellip;]\" \/>\n<meta property=\"og:url\" content=\"https:\/\/www.iberfoil.com\/fr\/politique-cookies\/\" \/>\n<meta property=\"og:site_name\" content=\"Iberfoil\" \/>\n<meta property=\"article:modified_time\" content=\"2022-01-28T10:06:02+00:00\" \/>\n<meta name=\"twitter:card\" content=\"summary_large_image\" \/>\n<meta name=\"twitter:label1\" content=\"Dur\u00e9e de lecture estim\u00e9e\" \/>\n\t<meta name=\"twitter:data1\" content=\"6 minutes\" \/>\n<script type=\"application\/ld+json\" class=\"yoast-schema-graph\">{\"@context\":\"https:\/\/schema.org\",\"@graph\":[{\"@type\":\"WebPage\",\"@id\":\"https:\/\/www.iberfoil.com\/fr\/politique-cookies\/\",\"url\":\"https:\/\/www.iberfoil.com\/fr\/politique-cookies\/\",\"name\":\"Politique de Cookies | Iberfoil\",\"isPartOf\":{\"@id\":\"https:\/\/www.iberfoil.com\/#website\"},\"datePublished\":\"2020-06-29T06:42:26+00:00\",\"dateModified\":\"2022-01-28T10:06:02+00:00\",\"breadcrumb\":{\"@id\":\"https:\/\/www.iberfoil.com\/fr\/politique-cookies\/#breadcrumb\"},\"inLanguage\":\"fr-FR\",\"potentialAction\":[{\"@type\":\"ReadAction\",\"target\":[\"https:\/\/www.iberfoil.com\/fr\/politique-cookies\/\"]}]},{\"@type\":\"BreadcrumbList\",\"@id\":\"https:\/\/www.iberfoil.com\/fr\/politique-cookies\/#breadcrumb\",\"itemListElement\":[{\"@type\":\"ListItem\",\"position\":1,\"name\":\"Portada\",\"item\":\"https:\/\/www.iberfoil.com\/fr\/\"},{\"@type\":\"ListItem\",\"position\":2,\"name\":\"Politique de Cookies\"}]},{\"@type\":\"WebSite\",\"@id\":\"https:\/\/www.iberfoil.com\/#website\",\"url\":\"https:\/\/www.iberfoil.com\/\",\"name\":\"Iberfoil\",\"description\":\"Fabricaci\u00f3n de aluminio\",\"publisher\":{\"@id\":\"https:\/\/www.iberfoil.com\/#organization\"},\"potentialAction\":[{\"@type\":\"SearchAction\",\"target\":{\"@type\":\"EntryPoint\",\"urlTemplate\":\"https:\/\/www.iberfoil.com\/?s={search_term_string}\"},\"query-input\":{\"@type\":\"PropertyValueSpecification\",\"valueRequired\":true,\"valueName\":\"search_term_string\"}}],\"inLanguage\":\"fr-FR\"},{\"@type\":\"Organization\",\"@id\":\"https:\/\/www.iberfoil.com\/#organization\",\"name\":\"Iberfoil\",\"url\":\"https:\/\/www.iberfoil.com\/\",\"logo\":{\"@type\":\"ImageObject\",\"inLanguage\":\"fr-FR\",\"@id\":\"https:\/\/www.iberfoil.com\/#\/schema\/logo\/image\/\",\"url\":\"https:\/\/www.iberfoil.com\/wp-content\/uploads\/2020\/06\/logo-iberfoil.png\",\"contentUrl\":\"https:\/\/www.iberfoil.com\/wp-content\/uploads\/2020\/06\/logo-iberfoil.png\",\"width\":350,\"height\":198,\"caption\":\"Iberfoil\"},\"image\":{\"@id\":\"https:\/\/www.iberfoil.com\/#\/schema\/logo\/image\/\"}}]}<\/script>\n<!-- \/ Yoast SEO plugin. -->","yoast_head_json":{"title":"Politique de Cookies | Iberfoil","robots":{"index":"index","follow":"follow","max-snippet":"max-snippet:-1","max-image-preview":"max-image-preview:large","max-video-preview":"max-video-preview:-1"},"canonical":"https:\/\/www.iberfoil.com\/fr\/politique-cookies\/","og_locale":"fr_FR","og_type":"article","og_title":"Politique de Cookies | Iberfoil","og_description":"Politique de Cookies &nbsp; Qu\u2019est-ce qu\u2019un cookie? Un cookie est un fichier qui est t\u00e9l\u00e9charg\u00e9 sur votre ordinateur lorsque vous acc\u00e9dez \u00e0 certaines pages web. Les cookies permettent \u00e0 une page web, entre autres, de stocker et de r\u00e9cup\u00e9rer des informations sur les habitudes de navigation d\u2019un utilisateur ou de son \u00e9quipement et, en fonction [&hellip;]","og_url":"https:\/\/www.iberfoil.com\/fr\/politique-cookies\/","og_site_name":"Iberfoil","article_modified_time":"2022-01-28T10:06:02+00:00","twitter_card":"summary_large_image","twitter_misc":{"Dur\u00e9e de lecture estim\u00e9e":"6 minutes"},"schema":{"@context":"https:\/\/schema.org","@graph":[{"@type":"WebPage","@id":"https:\/\/www.iberfoil.com\/fr\/politique-cookies\/","url":"https:\/\/www.iberfoil.com\/fr\/politique-cookies\/","name":"Politique de Cookies | Iberfoil","isPartOf":{"@id":"https:\/\/www.iberfoil.com\/#website"},"datePublished":"2020-06-29T06:42:26+00:00","dateModified":"2022-01-28T10:06:02+00:00","breadcrumb":{"@id":"https:\/\/www.iberfoil.com\/fr\/politique-cookies\/#breadcrumb"},"inLanguage":"fr-FR","potentialAction":[{"@type":"ReadAction","target":["https:\/\/www.iberfoil.com\/fr\/politique-cookies\/"]}]},{"@type":"BreadcrumbList","@id":"https:\/\/www.iberfoil.com\/fr\/politique-cookies\/#breadcrumb","itemListElement":[{"@type":"ListItem","position":1,"name":"Portada","item":"https:\/\/www.iberfoil.com\/fr\/"},{"@type":"ListItem","position":2,"name":"Politique de Cookies"}]},{"@type":"WebSite","@id":"https:\/\/www.iberfoil.com\/#website","url":"https:\/\/www.iberfoil.com\/","name":"Iberfoil","description":"Fabricaci\u00f3n de aluminio","publisher":{"@id":"https:\/\/www.iberfoil.com\/#organization"},"potentialAction":[{"@type":"SearchAction","target":{"@type":"EntryPoint","urlTemplate":"https:\/\/www.iberfoil.com\/?s={search_term_string}"},"query-input":{"@type":"PropertyValueSpecification","valueRequired":true,"valueName":"search_term_string"}}],"inLanguage":"fr-FR"},{"@type":"Organization","@id":"https:\/\/www.iberfoil.com\/#organization","name":"Iberfoil","url":"https:\/\/www.iberfoil.com\/","logo":{"@type":"ImageObject","inLanguage":"fr-FR","@id":"https:\/\/www.iberfoil.com\/#\/schema\/logo\/image\/","url":"https:\/\/www.iberfoil.com\/wp-content\/uploads\/2020\/06\/logo-iberfoil.png","contentUrl":"https:\/\/www.iberfoil.com\/wp-content\/uploads\/2020\/06\/logo-iberfoil.png","width":350,"height":198,"caption":"Iberfoil"},"image":{"@id":"https:\/\/www.iberfoil.com\/#\/schema\/logo\/image\/"}}]}},"_links":{"self":[{"href":"https:\/\/www.iberfoil.com\/fr\/wp-json\/wp\/v2\/pages\/4227","targetHints":{"allow":["GET"]}}],"collection":[{"href":"https:\/\/www.iberfoil.com\/fr\/wp-json\/wp\/v2\/pages"}],"about":[{"href":"https:\/\/www.iberfoil.com\/fr\/wp-json\/wp\/v2\/types\/page"}],"author":[{"embeddable":true,"href":"https:\/\/www.iberfoil.com\/fr\/wp-json\/wp\/v2\/users\/1"}],"replies":[{"embeddable":true,"href":"https:\/\/www.iberfoil.com\/fr\/wp-json\/wp\/v2\/comments?post=4227"}],"version-history":[{"count":5,"href":"https:\/\/www.iberfoil.com\/fr\/wp-json\/wp\/v2\/pages\/4227\/revisions"}],"predecessor-version":[{"id":6100,"href":"https:\/\/www.iberfoil.com\/fr\/wp-json\/wp\/v2\/pages\/4227\/revisions\/6100"}],"wp:attachment":[{"href":"https:\/\/www.iberfoil.com\/fr\/wp-json\/wp\/v2\/media?parent=4227"}],"curies":[{"name":"wp","href":"https:\/\/api.w.org\/{rel}","templated":true}]}}